{"id":57,"date":"2019-03-05T12:03:43","date_gmt":"2019-03-05T12:03:43","guid":{"rendered":"https:\/\/casaespiritualidadbilbao.bizkeliza.net\/?page_id=57"},"modified":"2023-09-14T14:19:52","modified_gmt":"2023-09-14T14:19:52","slug":"entorno","status":"publish","type":"page","link":"https:\/\/casaespiritualidadbilbao.bizkeliza.net\/index.php\/entorno\/","title":{"rendered":"Entorno"},"content":{"rendered":"\t\t<div data-elementor-type=\"wp-page\" data-elementor-id=\"57\" class=\"elementor elementor-57\">\n\t\t\t\t<div class=\"elementor-element elementor-element-7761664 e-flex e-con-boxed e-con e-parent\" data-id=\"7761664\" data-element_type=\"container\">\n\t\t\t\t\t<div class=\"e-con-inner\">\n\t\t<div class=\"elementor-element elementor-element-feb41be e-con-full e-flex e-con e-child\" data-id=\"feb41be\" data-element_type=\"container\">\n\t\t\t\t<div class=\"elementor-element elementor-element-67eba06 elementor-widget elementor-widget-image\" data-id=\"67eba06\" data-element_type=\"widget\" data-widget_type=\"image.default\">\n\t\t\t\t<div class=\"elementor-widget-container\">\n\t\t\t\t\t\t\t\t\t\t\t\t\t\t\t<img fetchpriority=\"high\" decoding=\"async\" width=\"225\" height=\"300\" src=\"https:\/\/casaespiritualidadbilbao.bizkeliza.net\/wp-content\/uploads\/2019\/03\/basilica.jpg\" class=\"attachment-large size-large wp-image-58\" alt=\"\" \/>\t\t\t\t\t\t\t\t\t\t\t\t\t\t\t<\/div>\n\t\t\t\t<\/div>\n\t\t\t\t<\/div>\n\t\t<div class=\"elementor-element elementor-element-ed5190c e-con-full e-flex e-con e-child\" data-id=\"ed5190c\" data-element_type=\"container\">\n\t\t\t\t<div class=\"elementor-element elementor-element-1522246 elementor-widget elementor-widget-text-editor\" data-id=\"1522246\" data-element_type=\"widget\" data-widget_type=\"text-editor.default\">\n\t\t\t\t<div class=\"elementor-widget-container\">\n\t\t\t\t\t\t\t\t\t<h4><span style=\"text-decoration: underline;\">Bas\u00edlica de Bego\u00f1a<\/span><\/h4>\n<p>La Bas\u00edlica de la Virgen de Bego\u00f1a, patrona de Bizkaia, domina Bilbao desde un cercano alto. La iglesia fue obra de Sancho Mart\u00ednez de Arego y fue construida en el mismo lugar donde apareci\u00f3 la virgen a principios del siglo XVI.<\/p>\n<p>La bas\u00edlica es de estilo g\u00f3tico tard\u00edo, y la portada principal un hermoso ejemplar renacentista en arco de triunfo.\u00a0<\/p>\n<p>El retablo barroco que pose\u00eda la iglesia desapareci\u00f3 durante la primera Guerra Carlista, y se sustituy\u00f3 por el actual, de estilo isabelino. Est\u00e1 presidido por una talla g\u00f3tica en madera policromada de la Virgen de Bego\u00f1a. El campanario, por su parte, es de principios del siglo XX.\u00a0<\/p>\n<p>El 15 de agosto y el 11 de octubre, el d\u00eda de la Virgen, se celebran una animada romer\u00eda en honor a la \u00abamatxu de Bego\u00f1a\u00bb, amenizada con conciertos, pasacalles, actividades infantiles, alardes de danza y demostraciones de deporte rural.\u00a0<\/p>\n<p><b>Localizaci\u00f3n<\/b>: Virgen De Bego\u00f1a, 38 48006 Bilbao.\u00a0<span style=\"color: var( --e-global-color-text ); font-family: var( --e-global-typography-text-font-family ), Sans-serif; font-weight: var( --e-global-typography-text-font-weight ); text-align: var(--text-align);\">Tel: (34) 94 412 70 91\u00a0<\/span><\/p>\n<p><b>Horario<\/b>: 10:00-13:30, 17:00-19:00<\/p>\n<p><a href=\"http:\/\/www.bizkeliza.org\/index.php?id=1317&amp;id_parroquia=270\" target=\"_blank\" rel=\"noopener\">HORARIOS DE MISA<\/a>\u00a0<\/p>\n<p><a href=\"https:\/\/www.google.es\/maps\/@43.2589949,-2.9144171,3a,75y,343h,84t\/data=!3m7!1e1!3m5!1sAF1QipO-E3syylH1-tDCui3yzjIVdKLpzlFdECMR_m04!3e27!6shttps:%2F%2Flh5.googleusercontent.com%2Fp%2FAF1QipO-E3syylH1-tDCui3yzjIVdKLpzlFdECMR_m04%3Dw203-h100-k-no-pi-6.941883-ya249.5-ro-0-fo100!7i8704!8i4352?hl=es\" target=\"_blank\" rel=\"noopener\">VER EN STREET VIEW<\/a><\/p>\t\t\t\t\t\t\t\t<\/div>\n\t\t\t\t<\/div>\n\t\t\t\t<\/div>\n\t\t\t\t\t<\/div>\n\t\t\t\t<\/div>\n\t\t<div class=\"elementor-element elementor-element-5e3ae04 e-flex e-con-boxed e-con e-parent\" data-id=\"5e3ae04\" data-element_type=\"container\">\n\t\t\t\t\t<div class=\"e-con-inner\">\n\t\t<div class=\"elementor-element elementor-element-71fe88b e-con-full e-flex e-con e-child\" data-id=\"71fe88b\" data-element_type=\"container\">\n\t\t\t\t<div class=\"elementor-element elementor-element-72fc34b elementor-widget elementor-widget-image\" data-id=\"72fc34b\" data-element_type=\"widget\" data-widget_type=\"image.default\">\n\t\t\t\t<div class=\"elementor-widget-container\">\n\t\t\t\t\t\t\t\t\t\t\t\t\t\t\t<img decoding=\"async\" width=\"284\" height=\"147\" src=\"https:\/\/casaespiritualidadbilbao.bizkeliza.net\/wp-content\/uploads\/2019\/03\/museo.png\" class=\"attachment-large size-large wp-image-64\" alt=\"\" \/>\t\t\t\t\t\t\t\t\t\t\t\t\t\t\t<\/div>\n\t\t\t\t<\/div>\n\t\t\t\t<\/div>\n\t\t<div class=\"elementor-element elementor-element-e608cdc e-con-full e-flex e-con e-child\" data-id=\"e608cdc\" data-element_type=\"container\">\n\t\t\t\t<div class=\"elementor-element elementor-element-52035d8 elementor-widget elementor-widget-text-editor\" data-id=\"52035d8\" data-element_type=\"widget\" data-widget_type=\"text-editor.default\">\n\t\t\t\t<div class=\"elementor-widget-container\">\n\t\t\t\t\t\t\t\t\t<h4><span style=\"text-decoration: underline;\">Museo Diocesano &#8211; Eleiz Museoa<\/span><\/h4>\n<p>El Museo Diocesano de Arte Sacro de Bilbao nac\u00eda en septiembre de 1961. Su objetivo primordial era la conservaci\u00f3n, el estudio y la divulgaci\u00f3n del patrimonio hist\u00f3rico-art\u00edstico de la Di\u00f3cesis de Bilbao.<\/p>\n<p><strong>Localizaci\u00f3n:<\/strong> Plaza de la Encarnaci\u00f3n 9B, 48006 Bilbao Tel: (34) 944 320 125<\/p>\n<p><strong>Horario:<\/strong><\/p>\n<ul>\n<li style=\"list-style-type: none;\"><br \/>\n<ul>\n<li><strong>Martes-s\u00e1bado<\/strong>: 10:30-13:30, 16:00-19:00<\/li>\n<li><strong>Domingo y festivos<\/strong>: 10:30-13:30<\/li>\n<li><em>Lunes cerrado<\/em><\/li>\n<li>D\u00edas 1 y 6 de enero, 24, 25 y 31 de diciembre cerrado<\/li>\n<\/ul>\n<\/li>\n<\/ul>\n<div><a href=\"https:\/\/eleizmuseoa.com\/\" target=\"_blank\" rel=\"noopener\">P\u00c1GINA WEB MUSEO DIOCESANO<\/a><\/div>\t\t\t\t\t\t\t\t<\/div>\n\t\t\t\t<\/div>\n\t\t\t\t<\/div>\n\t\t\t\t\t<\/div>\n\t\t\t\t<\/div>\n\t\t<div class=\"elementor-element elementor-element-6ac6875 e-flex e-con-boxed e-con e-parent\" data-id=\"6ac6875\" data-element_type=\"container\">\n\t\t\t\t\t<div class=\"e-con-inner\">\n\t\t<div class=\"elementor-element elementor-element-f813387 e-con-full e-flex e-con e-child\" data-id=\"f813387\" data-element_type=\"container\">\n\t\t\t\t<div class=\"elementor-element elementor-element-f08ca2c elementor-widget elementor-widget-image\" data-id=\"f08ca2c\" data-element_type=\"widget\" data-widget_type=\"image.default\">\n\t\t\t\t<div class=\"elementor-widget-container\">\n\t\t\t\t\t\t\t\t\t\t\t\t\t\t\t<img decoding=\"async\" width=\"150\" height=\"150\" src=\"https:\/\/casaespiritualidadbilbao.bizkeliza.net\/wp-content\/uploads\/2019\/03\/catedral.png\" class=\"attachment-large size-large wp-image-122\" alt=\"\" \/>\t\t\t\t\t\t\t\t\t\t\t\t\t\t\t<\/div>\n\t\t\t\t<\/div>\n\t\t\t\t<\/div>\n\t\t<div class=\"elementor-element elementor-element-edf17bc e-con-full e-flex e-con e-child\" data-id=\"edf17bc\" data-element_type=\"container\">\n\t\t\t\t<div class=\"elementor-element elementor-element-c751ebb elementor-widget elementor-widget-text-editor\" data-id=\"c751ebb\" data-element_type=\"widget\" data-widget_type=\"text-editor.default\">\n\t\t\t\t<div class=\"elementor-widget-container\">\n\t\t\t\t\t\t\t\t\t<p><span style=\"text-decoration: underline;\">Catedral Bas\u00edlica de Santiago<\/span><\/p>\n<div data-style=\"{&quot;background_image_attachment&quot;:false,&quot;background_display&quot;:&quot;tile&quot;,&quot;cell_alignment&quot;:&quot;flex-start&quot;}\" data-ratio=\"0.61803398\" data-ratio-direction=\"left\">\n<div data-weight=\"0.61803399209206\">\n<div data-index=\"5\" data-style=\"{&quot;background_image_attachment&quot;:false,&quot;background_display&quot;:&quot;tile&quot;}\">\n<div>\n<div>\n<p>La\u00a0<strong>Catedral Bas\u00edlica de Santiago<\/strong>\u00a0en\u00a0<a href=\"https:\/\/es.wikipedia.org\/wiki\/Bilbao\">Bilbao<\/a>\u00a0(<a href=\"https:\/\/es.wikipedia.org\/wiki\/Vizcaya\">Vizcaya<\/a>,\u00a0<a href=\"https:\/\/es.wikipedia.org\/wiki\/Pa%C3%ADs_Vasco\">Pa\u00eds Vasco<\/a>,\u00a0<a href=\"https:\/\/es.wikipedia.org\/wiki\/Espa%C3%B1a\">Espa\u00f1a<\/a>) es el templo cat\u00f3lico que desde 1949 alberga la sede de la\u00a0<a href=\"https:\/\/es.wikipedia.org\/wiki\/Di%C3%B3cesis_de_Bilbao\">Di\u00f3cesis de Bilbao<\/a>. Fue construida entre el \u00faltimo cuarto del\u00a0<a href=\"https:\/\/es.wikipedia.org\/wiki\/Siglo_XIV\">siglo XIV<\/a>\u00a0y principios del\u00a0<a href=\"https:\/\/es.wikipedia.org\/wiki\/Siglo_XVI\">XVI<\/a>\u00a0en estilo\u00a0<a href=\"https:\/\/es.wikipedia.org\/wiki\/Arquitectura_g%C3%B3tica\">g\u00f3tico<\/a>, si bien su fachada y torre son el resultado de una profunda reconstrucci\u00f3n acometida en el\u00a0<a href=\"https:\/\/es.wikipedia.org\/wiki\/Siglo_XIX\">siglo XIX<\/a>\u00a0en estilo\u00a0<a href=\"https:\/\/es.wikipedia.org\/wiki\/Neog%C3%B3tico\">neog\u00f3tico<\/a>.<\/p>\n<p><span style=\"color: var( --e-global-color-text ); font-family: var( --e-global-typography-text-font-family ), Sans-serif; font-weight: var( --e-global-typography-text-font-weight ); text-align: var(--text-align);\">La Catedral toma su nombre del patr\u00f3n de Bilbao, el\u00a0<\/span><a style=\"font-family: var( --e-global-typography-text-font-family ), Sans-serif; font-weight: var( --e-global-typography-text-font-weight ); text-align: var(--text-align);\" href=\"https:\/\/es.wikipedia.org\/wiki\/Santiago_el_Mayor\">Ap\u00f3stol Santiago el Mayor<\/a><span style=\"color: var( --e-global-color-text ); font-family: var( --e-global-typography-text-font-family ), Sans-serif; font-weight: var( --e-global-typography-text-font-weight ); text-align: var(--text-align);\">, en relaci\u00f3n con el paso por la ciudad de un ramal costero del\u00a0<\/span><a style=\"font-family: var( --e-global-typography-text-font-family ), Sans-serif; font-weight: var( --e-global-typography-text-font-weight ); text-align: var(--text-align);\" href=\"https:\/\/es.wikipedia.org\/wiki\/Camino_de_Santiago\">Camino de Santiago<\/a><span style=\"color: var( --e-global-color-text ); font-family: var( --e-global-typography-text-font-family ), Sans-serif; font-weight: var( --e-global-typography-text-font-weight ); text-align: var(--text-align);\">. Se trata de la iglesia g\u00f3tica m\u00e1s monumental de Vizcaya y cumple asimismo la funci\u00f3n de parroquia. En 1819 obtuvo el rango de Bas\u00edlica Menor, siendo la primera iglesia que obten\u00eda este t\u00edtulo en el Pa\u00eds Vasco. Es declarada por la UNESCO Patrimonio de\u00a0la Humanidad dentro de los Caminos de Santiago de Compostela<\/span><\/p>\n<ul>\n<li><strong style=\"color: var( --e-global-color-text ); font-family: var( --e-global-typography-text-font-family ), Sans-serif; text-align: var(--text-align); font-size: 15px;\">Direcci\u00f3n<\/strong><span style=\"color: var( --e-global-color-text ); font-family: var( --e-global-typography-text-font-family ), Sans-serif; font-weight: var( --e-global-typography-text-font-weight ); text-align: var(--text-align); font-size: 15px;\">: Plaza Santiago 1 &#8211; 48005 Bilbao. Tel: (34) 944153627<\/span><\/li>\n<\/ul>\n<\/div>\n<\/div>\n<\/div>\n<\/div>\n<div data-weight=\"1\">\n<div data-index=\"6\" data-style=\"{&quot;background_image_attachment&quot;:false,&quot;background_display&quot;:&quot;tile&quot;}\">\n<div>\n<div>\n<ul>\n<li><strong>Horario:<\/strong>\n<ul>\n<li>Laborables de 10,00 a 13,00 h. y de 17,00 a 18,30 h.<\/li>\n<li>Festivos s\u00f3lo de 11,00 a 12,00 h.<\/li>\n<\/ul>\n<\/li>\n<\/ul>\n<ul>\n<li><strong>Horario de misas<\/strong>\n<ul>\n<li>Laborables\u00a0\u00a0\u00a0 19,00 h.\u00a0\u00a0 S\u00e1bados y V\u00edsperas de fiesta 19,00 h.<\/li>\n<li>Domingos y festivos:\n<ul>\n<li>12,00 h. Biling\u00fce (esta misa se suprime julio, agosto y septiembre)<\/li>\n<li>19,00 h. Misa capitular, presidida por el Sr. Obispo<\/li>\n<\/ul>\n<\/li>\n<\/ul>\n<\/li>\n<\/ul>\n<p><a href=\"http:\/\/catedraldebilbao.blogspot.com.es\/\"><strong>SITIO WEB<\/strong><\/a><\/p>\n<\/div>\n<\/div>\n<\/div>\n<\/div>\n<\/div>\t\t\t\t\t\t\t\t<\/div>\n\t\t\t\t<\/div>\n\t\t\t\t<\/div>\n\t\t\t\t\t<\/div>\n\t\t\t\t<\/div>\n\t\t<div class=\"elementor-element elementor-element-f3a9e0f e-flex e-con-boxed e-con e-parent\" data-id=\"f3a9e0f\" data-element_type=\"container\">\n\t\t\t\t\t<div class=\"e-con-inner\">\n\t\t\t\t<div class=\"elementor-element elementor-element-2715840 elementor-widget elementor-widget-spacer\" data-id=\"2715840\" data-element_type=\"widget\" data-widget_type=\"spacer.default\">\n\t\t\t\t<div class=\"elementor-widget-container\">\n\t\t\t\t\t\t\t<div class=\"elementor-spacer\">\n\t\t\t<div class=\"elementor-spacer-inner\"><\/div>\n\t\t<\/div>\n\t\t\t\t\t\t<\/div>\n\t\t\t\t<\/div>\n\t\t\t\t\t<\/div>\n\t\t\t\t<\/div>\n\t\t<div class=\"elementor-element elementor-element-c710cb1 e-con-full e-flex e-con e-parent\" data-id=\"c710cb1\" data-element_type=\"container\" data-settings=\"{&quot;background_background&quot;:&quot;classic&quot;}\">\n\t\t<div class=\"elementor-element elementor-element-0510436 e-grid e-con-boxed e-con e-child\" data-id=\"0510436\" data-element_type=\"container\" data-settings=\"{&quot;background_background&quot;:&quot;classic&quot;}\">\n\t\t\t\t\t<div class=\"e-con-inner\">\n\t\t\t\t<div class=\"elementor-element elementor-element-c359c40 elementor-widget elementor-widget-text-editor\" data-id=\"c359c40\" data-element_type=\"widget\" data-widget_type=\"text-editor.default\">\n\t\t\t\t<div class=\"elementor-widget-container\">\n\t\t\t\t\t\t\t\t\t<p><span style=\"color: #ffffff;\"><strong>Virgen de Bego\u00f1a, 36 48006 &#8211; BILBAO<\/strong><\/span><\/p>\t\t\t\t\t\t\t\t<\/div>\n\t\t\t\t<\/div>\n\t\t\t\t<div class=\"elementor-element elementor-element-8164048 elementor-widget elementor-widget-text-editor\" data-id=\"8164048\" data-element_type=\"widget\" data-widget_type=\"text-editor.default\">\n\t\t\t\t<div class=\"elementor-widget-container\">\n\t\t\t\t\t\t\t\t\t<p><span style=\"color: #ffffff;\"><strong>E-mail:\u00a0<a style=\"color: #ffffff;\" href=\"mailto:gogartetxea@bizkeliza.org\">gogartetxea@bizkeliza.org<\/a><\/strong>.<\/span><\/p>\t\t\t\t\t\t\t\t<\/div>\n\t\t\t\t<\/div>\n\t\t\t\t<div class=\"elementor-element elementor-element-5f15003 elementor-widget elementor-widget-text-editor\" data-id=\"5f15003\" data-element_type=\"widget\" data-widget_type=\"text-editor.default\">\n\t\t\t\t<div class=\"elementor-widget-container\">\n\t\t\t\t\t\t\t\t\t<p style=\"text-align: center;\"><span style=\"color: #ffffff;\"><strong>Tel\u00e9fono: 944 125 943<\/strong><\/span><\/p>\t\t\t\t\t\t\t\t<\/div>\n\t\t\t\t<\/div>\n\t\t\t\t\t<\/div>\n\t\t\t\t<\/div>\n\t\t\t\t<\/div>\n\t\t<div class=\"elementor-element elementor-element-cf1ce93 e-flex e-con-boxed e-con e-parent\" data-id=\"cf1ce93\" data-element_type=\"container\">\n\t\t\t\t\t<div class=\"e-con-inner\">\n\t\t\t\t<div class=\"elementor-element elementor-element-386041a elementor-widget elementor-widget-spacer\" data-id=\"386041a\" data-element_type=\"widget\" data-widget_type=\"spacer.default\">\n\t\t\t\t<div class=\"elementor-widget-container\">\n\t\t\t\t\t\t\t<div class=\"elementor-spacer\">\n\t\t\t<div class=\"elementor-spacer-inner\"><\/div>\n\t\t<\/div>\n\t\t\t\t\t\t<\/div>\n\t\t\t\t<\/div>\n\t\t\t\t\t<\/div>\n\t\t\t\t<\/div>\n\t\t\t\t<\/div>\n\t\t","protected":false},"excerpt":{"rendered":"<p>Bas\u00edlica de Bego\u00f1a La Bas\u00edlica de la Virgen de Bego\u00f1a, patrona de Bizkaia, domina Bilbao desde un cercano alto. La iglesia fue obra de Sancho Mart\u00ednez de Arego y fue construida en el mismo lugar donde apareci\u00f3 la virgen a principios del siglo XVI. La bas\u00edlica es de estilo g\u00f3tico tard\u00edo, y la portada principal [&hellip;]<\/p>\n","protected":false},"author":1,"featured_media":0,"parent":0,"menu_order":0,"comment_status":"closed","ping_status":"closed","template":"","meta":{"_mc_calendar":[],"footnotes":""},"class_list":["post-57","page","type-page","status-publish","hentry"],"_links":{"self":[{"href":"https:\/\/casaespiritualidadbilbao.bizkeliza.net\/index.php\/wp-json\/wp\/v2\/pages\/57","targetHints":{"allow":["GET"]}}],"collection":[{"href":"https:\/\/casaespiritualidadbilbao.bizkeliza.net\/index.php\/wp-json\/wp\/v2\/pages"}],"about":[{"href":"https:\/\/casaespiritualidadbilbao.bizkeliza.net\/index.php\/wp-json\/wp\/v2\/types\/page"}],"author":[{"embeddable":true,"href":"https:\/\/casaespiritualidadbilbao.bizkeliza.net\/index.php\/wp-json\/wp\/v2\/users\/1"}],"replies":[{"embeddable":true,"href":"https:\/\/casaespiritualidadbilbao.bizkeliza.net\/index.php\/wp-json\/wp\/v2\/comments?post=57"}],"version-history":[{"count":25,"href":"https:\/\/casaespiritualidadbilbao.bizkeliza.net\/index.php\/wp-json\/wp\/v2\/pages\/57\/revisions"}],"predecessor-version":[{"id":312,"href":"https:\/\/casaespiritualidadbilbao.bizkeliza.net\/index.php\/wp-json\/wp\/v2\/pages\/57\/revisions\/312"}],"wp:attachment":[{"href":"https:\/\/casaespiritualidadbilbao.bizkeliza.net\/index.php\/wp-json\/wp\/v2\/media?parent=57"}],"curies":[{"name":"wp","href":"https:\/\/api.w.org\/{rel}","templated":true}]}}