{"id":37,"date":"2019-03-05T09:31:02","date_gmt":"2019-03-05T09:31:02","guid":{"rendered":"https:\/\/casaespiritualidadbilbao.bizkeliza.net\/?page_id=37"},"modified":"2023-09-14T12:53:41","modified_gmt":"2023-09-14T12:53:41","slug":"localizacion","status":"publish","type":"page","link":"https:\/\/casaespiritualidadbilbao.bizkeliza.net\/index.php\/localizacion\/","title":{"rendered":"Localizaci\u00f3n"},"content":{"rendered":"\t\t<div data-elementor-type=\"wp-page\" data-elementor-id=\"37\" class=\"elementor elementor-37\">\n\t\t\t\t<div class=\"elementor-element elementor-element-81212c9 e-flex e-con-boxed e-con e-parent\" data-id=\"81212c9\" data-element_type=\"container\">\n\t\t\t\t\t<div class=\"e-con-inner\">\n\t\t<div class=\"elementor-element elementor-element-978bcd1 e-con-full e-flex e-con e-child\" data-id=\"978bcd1\" data-element_type=\"container\">\n\t\t\t\t<div class=\"elementor-element elementor-element-930402c elementor-widget elementor-widget-image\" data-id=\"930402c\" data-element_type=\"widget\" data-widget_type=\"image.default\">\n\t\t\t\t<div class=\"elementor-widget-container\">\n\t\t\t\t\t\t\t\t\t\t\t\t\t\t\t<img fetchpriority=\"high\" decoding=\"async\" width=\"500\" height=\"300\" src=\"https:\/\/casaespiritualidadbilbao.bizkeliza.net\/wp-content\/uploads\/2019\/03\/localizacion.jpg\" class=\"attachment-large size-large wp-image-38\" alt=\"\" srcset=\"https:\/\/casaespiritualidadbilbao.bizkeliza.net\/wp-content\/uploads\/2019\/03\/localizacion.jpg 500w, https:\/\/casaespiritualidadbilbao.bizkeliza.net\/wp-content\/uploads\/2019\/03\/localizacion-300x180.jpg 300w\" sizes=\"(max-width: 500px) 100vw, 500px\" \/>\t\t\t\t\t\t\t\t\t\t\t\t\t\t\t<\/div>\n\t\t\t\t<\/div>\n\t\t\t\t<\/div>\n\t\t<div class=\"elementor-element elementor-element-3762964 e-con-full e-flex e-con e-child\" data-id=\"3762964\" data-element_type=\"container\">\n\t\t<div class=\"elementor-element elementor-element-4ccee9d e-flex e-con-boxed e-con e-child\" data-id=\"4ccee9d\" data-element_type=\"container\">\n\t\t\t\t\t<div class=\"e-con-inner\">\n\t\t\t\t<div class=\"elementor-element elementor-element-a3715f9 elementor-widget elementor-widget-text-editor\" data-id=\"a3715f9\" data-element_type=\"widget\" data-widget_type=\"text-editor.default\">\n\t\t\t\t<div class=\"elementor-widget-container\">\n\t\t\t\t\t\t\t\t\t<h3>Accesos<\/h3>\n<p><!-- \/wp:heading --><!-- wp:paragraph --><\/p>\n<p><strong>Por Carretera:<\/strong><\/p>\n<p><!-- \/wp:paragraph --><!-- wp:list --><\/p>\n<ul>\n<li>Por AP-8, salida 109 (direcci\u00f3n Bego\u00f1a)<\/li>\n<li>Por AP1-1 y AP-68 salida E-804 (direcci\u00f3n Bilbao)<\/li>\n<li>Por A-8, salida 116-A<\/li>\n<\/ul>\n<p><!-- \/wp:list --><!-- wp:paragraph --><\/p>\n<p><strong>Transporte p\u00fablico desde Bilbao:<\/strong><\/p>\n<p><!-- \/wp:paragraph --><!-- wp:list --><\/p>\n<ul>\n<li>Bilbob\u00fas, autobuses n\u00ba 03, 30, 38 (parada junto a la Bas\u00edlica de Bego\u00f1a)<\/li>\n<\/ul>\n<p><!-- \/wp:list --><!-- wp:paragraph --><\/p>\n<p><strong>Para de taxi a 50 metros<\/strong><\/p>\t\t\t\t\t\t\t\t<\/div>\n\t\t\t\t<\/div>\n\t\t\t\t\t<\/div>\n\t\t\t\t<\/div>\n\t\t\t\t<\/div>\n\t\t\t\t\t<\/div>\n\t\t\t\t<\/div>\n\t\t<div class=\"elementor-element elementor-element-2a48b23 e-flex e-con-boxed e-con e-parent\" data-id=\"2a48b23\" data-element_type=\"container\">\n\t\t\t\t\t<div class=\"e-con-inner\">\n\t\t\t\t<div class=\"elementor-element elementor-element-e460e39 elementor-widget elementor-widget-spacer\" data-id=\"e460e39\" data-element_type=\"widget\" data-widget_type=\"spacer.default\">\n\t\t\t\t<div class=\"elementor-widget-container\">\n\t\t\t\t\t\t\t<div class=\"elementor-spacer\">\n\t\t\t<div class=\"elementor-spacer-inner\"><\/div>\n\t\t<\/div>\n\t\t\t\t\t\t<\/div>\n\t\t\t\t<\/div>\n\t\t\t\t<div class=\"elementor-element elementor-element-04baf8c elementor-widget elementor-widget-google_maps\" data-id=\"04baf8c\" data-element_type=\"widget\" data-widget_type=\"google_maps.default\">\n\t\t\t\t<div class=\"elementor-widget-container\">\n\t\t\t\t\t\t\t<div class=\"elementor-custom-embed\">\n\t\t\t<iframe loading=\"lazy\"\n\t\t\t\t\tsrc=\"https:\/\/maps.google.com\/maps?q=Casa%20Espiritualidad%20Bilbao&#038;t=m&#038;z=16&#038;output=embed&#038;iwloc=near\"\n\t\t\t\t\ttitle=\"Casa Espiritualidad Bilbao\"\n\t\t\t\t\taria-label=\"Casa Espiritualidad Bilbao\"\n\t\t\t><\/iframe>\n\t\t<\/div>\n\t\t\t\t\t\t<\/div>\n\t\t\t\t<\/div>\n\t\t\t\t\t<\/div>\n\t\t\t\t<\/div>\n\t\t<div class=\"elementor-element elementor-element-77a9867 e-flex e-con-boxed e-con e-parent\" data-id=\"77a9867\" data-element_type=\"container\">\n\t\t\t\t\t<div class=\"e-con-inner\">\n\t\t\t\t<div class=\"elementor-element elementor-element-a2c5234 elementor-widget elementor-widget-spacer\" data-id=\"a2c5234\" data-element_type=\"widget\" data-widget_type=\"spacer.default\">\n\t\t\t\t<div class=\"elementor-widget-container\">\n\t\t\t\t\t\t\t<div class=\"elementor-spacer\">\n\t\t\t<div class=\"elementor-spacer-inner\"><\/div>\n\t\t<\/div>\n\t\t\t\t\t\t<\/div>\n\t\t\t\t<\/div>\n\t\t\t\t\t<\/div>\n\t\t\t\t<\/div>\n\t\t<div class=\"elementor-element elementor-element-a1b36e2 e-con-full e-flex e-con e-parent\" data-id=\"a1b36e2\" data-element_type=\"container\" data-settings=\"{&quot;background_background&quot;:&quot;classic&quot;}\">\n\t\t<div class=\"elementor-element elementor-element-e5c7aae e-grid e-con-boxed e-con e-child\" data-id=\"e5c7aae\" data-element_type=\"container\" data-settings=\"{&quot;background_background&quot;:&quot;classic&quot;}\">\n\t\t\t\t\t<div class=\"e-con-inner\">\n\t\t\t\t<div class=\"elementor-element elementor-element-1c45f19 elementor-widget elementor-widget-text-editor\" data-id=\"1c45f19\" data-element_type=\"widget\" data-widget_type=\"text-editor.default\">\n\t\t\t\t<div class=\"elementor-widget-container\">\n\t\t\t\t\t\t\t\t\t<p><span style=\"color: #ffffff;\"><strong>Virgen de Bego\u00f1a, 36 48006 &#8211; BILBAO<\/strong><\/span><\/p>\t\t\t\t\t\t\t\t<\/div>\n\t\t\t\t<\/div>\n\t\t\t\t<div class=\"elementor-element elementor-element-5c3d0b4 elementor-widget elementor-widget-text-editor\" data-id=\"5c3d0b4\" data-element_type=\"widget\" data-widget_type=\"text-editor.default\">\n\t\t\t\t<div class=\"elementor-widget-container\">\n\t\t\t\t\t\t\t\t\t<p><span style=\"color: #ffffff;\"><strong>E-mail:\u00a0<a style=\"color: #ffffff;\" href=\"mailto:gogartetxea@bizkeliza.org\">gogartetxea@bizkeliza.org<\/a><\/strong>.<\/span><\/p>\t\t\t\t\t\t\t\t<\/div>\n\t\t\t\t<\/div>\n\t\t\t\t<div class=\"elementor-element elementor-element-29e3c4d elementor-widget elementor-widget-text-editor\" data-id=\"29e3c4d\" data-element_type=\"widget\" data-widget_type=\"text-editor.default\">\n\t\t\t\t<div class=\"elementor-widget-container\">\n\t\t\t\t\t\t\t\t\t<p style=\"text-align: center;\"><span style=\"color: #ffffff;\"><strong>Tel\u00e9fono: 944 125 943<\/strong><\/span><\/p>\t\t\t\t\t\t\t\t<\/div>\n\t\t\t\t<\/div>\n\t\t\t\t\t<\/div>\n\t\t\t\t<\/div>\n\t\t\t\t<\/div>\n\t\t\t\t<\/div>\n\t\t","protected":false},"excerpt":{"rendered":"<p>Accesos Por Carretera: Por AP-8, salida 109 (direcci\u00f3n Bego\u00f1a) Por AP1-1 y AP-68 salida E-804 (direcci\u00f3n Bilbao) Por A-8, salida 116-A Transporte p\u00fablico desde Bilbao: Bilbob\u00fas, autobuses n\u00ba 03, 30, 38 (parada junto a la Bas\u00edlica de Bego\u00f1a) Para de taxi a 50 metros Virgen de Bego\u00f1a, 36 48006 &#8211; BILBAO E-mail:\u00a0gogartetxea@bizkeliza.org. Tel\u00e9fono: 944 125 [&hellip;]<\/p>\n","protected":false},"author":1,"featured_media":0,"parent":0,"menu_order":0,"comment_status":"closed","ping_status":"closed","template":"","meta":{"_mc_calendar":[],"footnotes":""},"class_list":["post-37","page","type-page","status-publish","hentry"],"_links":{"self":[{"href":"https:\/\/casaespiritualidadbilbao.bizkeliza.net\/index.php\/wp-json\/wp\/v2\/pages\/37","targetHints":{"allow":["GET"]}}],"collection":[{"href":"https:\/\/casaespiritualidadbilbao.bizkeliza.net\/index.php\/wp-json\/wp\/v2\/pages"}],"about":[{"href":"https:\/\/casaespiritualidadbilbao.bizkeliza.net\/index.php\/wp-json\/wp\/v2\/types\/page"}],"author":[{"embeddable":true,"href":"https:\/\/casaespiritualidadbilbao.bizkeliza.net\/index.php\/wp-json\/wp\/v2\/users\/1"}],"replies":[{"embeddable":true,"href":"https:\/\/casaespiritualidadbilbao.bizkeliza.net\/index.php\/wp-json\/wp\/v2\/comments?post=37"}],"version-history":[{"count":22,"href":"https:\/\/casaespiritualidadbilbao.bizkeliza.net\/index.php\/wp-json\/wp\/v2\/pages\/37\/revisions"}],"predecessor-version":[{"id":278,"href":"https:\/\/casaespiritualidadbilbao.bizkeliza.net\/index.php\/wp-json\/wp\/v2\/pages\/37\/revisions\/278"}],"wp:attachment":[{"href":"https:\/\/casaespiritualidadbilbao.bizkeliza.net\/index.php\/wp-json\/wp\/v2\/media?parent=37"}],"curies":[{"name":"wp","href":"https:\/\/api.w.org\/{rel}","templated":true}]}}