{"id":230,"date":"2023-09-13T13:56:35","date_gmt":"2023-09-13T13:56:35","guid":{"rendered":"https:\/\/casaespiritualidadbilbao.bizkeliza.net\/?page_id=230"},"modified":"2023-09-14T14:15:48","modified_gmt":"2023-09-14T14:15:48","slug":"elementor-230","status":"publish","type":"page","link":"https:\/\/casaespiritualidadbilbao.bizkeliza.net\/","title":{"rendered":"Elementor #230"},"content":{"rendered":"\t\t<div data-elementor-type=\"wp-page\" data-elementor-id=\"230\" class=\"elementor elementor-230\">\n\t\t\t\t<div class=\"elementor-element elementor-element-c3ac6d1 e-flex e-con-boxed e-con e-parent\" data-id=\"c3ac6d1\" data-element_type=\"container\" data-settings=\"{&quot;shape_divider_top&quot;:&quot;clouds&quot;}\">\n\t\t\t\t\t<div class=\"e-con-inner\">\n\t\t\t\t<div class=\"elementor-shape elementor-shape-top\" aria-hidden=\"true\" data-negative=\"false\">\n\t\t\t<svg xmlns=\"http:\/\/www.w3.org\/2000\/svg\" viewBox=\"0 0 283.5 27.8\" preserveAspectRatio=\"xMidYMax slice\">\n  <path class=\"elementor-shape-fill\" d=\"M0 0v6.7c1.9-.8 4.7-1.4 8.5-1 9.5 1.1 11.1 6 11.1 6s2.1-.7 4.3-.2c2.1.5 2.8 2.6 2.8 2.6s.2-.5 1.4-.7c1.2-.2 1.7.2 1.7.2s0-2.1 1.9-2.8c1.9-.7 3.6.7 3.6.7s.7-2.9 3.1-4.1 4.7 0 4.7 0 1.2-.5 2.4 0 1.7 1.4 1.7 1.4h1.4c.7 0 1.2.7 1.2.7s.8-1.8 4-2.2c3.5-.4 5.3 2.4 6.2 4.4.4-.4 1-.7 1.8-.9 2.8-.7 4 .7 4 .7s1.7-5 11.1-6c9.5-1.1 12.3 3.9 12.3 3.9s1.2-4.8 5.7-5.7c4.5-.9 6.8 1.8 6.8 1.8s.6-.6 1.5-.9c.9-.2 1.9-.2 1.9-.2s5.2-6.4 12.6-3.3c7.3 3.1 4.7 9 4.7 9s1.9-.9 4 0 2.8 2.4 2.8 2.4 1.9-1.2 4.5-1.2 4.3 1.2 4.3 1.2.2-1 1.4-1.7 2.1-.7 2.1-.7-.5-3.1 2.1-5.5 5.7-1.4 5.7-1.4 1.5-2.3 4.2-1.1c2.7 1.2 1.7 5.2 1.7 5.2s.3-.1 1.3.5c.5.4.8.8.9 1.1.5-1.4 2.4-5.8 8.4-4 7.1 2.1 3.5 8.9 3.5 8.9s.8-.4 2 0 1.1 1.1 1.1 1.1 1.1-1.1 2.3-1.1 2.1.5 2.1.5 1.9-3.6 6.2-1.2 1.9 6.4 1.9 6.4 2.6-2.4 7.4 0c3.4 1.7 3.9 4.9 3.9 4.9s3.3-6.9 10.4-7.9 11.5 2.6 11.5 2.6.8 0 1.2.2c.4.2.9.9.9.9s4.4-3.1 8.3.2c1.9 1.7 1.5 5 1.5 5s.3-1.1 1.6-1.4c1.3-.3 2.3.2 2.3.2s-.1-1.2.5-1.9 1.9-.9 1.9-.9-4.7-9.3 4.4-13.4c5.6-2.5 9.2.9 9.2.9s5-6.2 15.9-6.2 16.1 8.1 16.1 8.1.7-.2 1.6-.4V0H0z\"\/>\n<\/svg>\n\t\t<\/div>\n\t\t\t\t<div class=\"elementor-element elementor-element-5e1d6d8 elementor-widget elementor-widget-image\" data-id=\"5e1d6d8\" data-element_type=\"widget\" data-widget_type=\"image.default\">\n\t\t\t\t<div class=\"elementor-widget-container\">\n\t\t\t\t\t\t\t\t\t\t\t\t\t\t\t\t<a href=\"https:\/\/casaespiritualidadbilbao.bizkeliza.ne\">\n\t\t\t\t\t\t\t<img fetchpriority=\"high\" decoding=\"async\" width=\"671\" height=\"167\" src=\"https:\/\/casaespiritualidadbilbao.bizkeliza.net\/wp-content\/uploads\/2019\/03\/cropped-cropped-cabecera-1.png\" class=\"attachment-full size-full wp-image-201\" alt=\"\" srcset=\"https:\/\/casaespiritualidadbilbao.bizkeliza.net\/wp-content\/uploads\/2019\/03\/cropped-cropped-cabecera-1.png 671w, https:\/\/casaespiritualidadbilbao.bizkeliza.net\/wp-content\/uploads\/2019\/03\/cropped-cropped-cabecera-1-300x75.png 300w\" sizes=\"(max-width: 671px) 100vw, 671px\" \/>\t\t\t\t\t\t\t\t<\/a>\n\t\t\t\t\t\t\t\t\t\t\t\t\t\t\t<\/div>\n\t\t\t\t<\/div>\n\t\t\t\t<div class=\"elementor-element elementor-element-1e24068 elementor-widget elementor-widget-spacer\" data-id=\"1e24068\" data-element_type=\"widget\" data-widget_type=\"spacer.default\">\n\t\t\t\t<div class=\"elementor-widget-container\">\n\t\t\t\t\t\t\t<div class=\"elementor-spacer\">\n\t\t\t<div class=\"elementor-spacer-inner\"><\/div>\n\t\t<\/div>\n\t\t\t\t\t\t<\/div>\n\t\t\t\t<\/div>\n\t\t\t\t\t<\/div>\n\t\t\t\t<\/div>\n\t\t<div class=\"elementor-element elementor-element-fb291b4 e-flex e-con-boxed e-con e-parent\" data-id=\"fb291b4\" data-element_type=\"container\">\n\t\t\t\t\t<div class=\"e-con-inner\">\n\t\t\t\t<div class=\"elementor-element elementor-element-ea1a27c hfe-nav-menu__align-left hfe-submenu-icon-arrow hfe-submenu-animation-none hfe-link-redirect-child hfe-nav-menu__breakpoint-tablet elementor-widget elementor-widget-navigation-menu\" data-id=\"ea1a27c\" data-element_type=\"widget\" data-settings=\"{&quot;padding_horizontal_menu_item&quot;:{&quot;unit&quot;:&quot;px&quot;,&quot;size&quot;:15,&quot;sizes&quot;:[]},&quot;padding_horizontal_menu_item_tablet&quot;:{&quot;unit&quot;:&quot;px&quot;,&quot;size&quot;:&quot;&quot;,&quot;sizes&quot;:[]},&quot;padding_horizontal_menu_item_mobile&quot;:{&quot;unit&quot;:&quot;px&quot;,&quot;size&quot;:&quot;&quot;,&quot;sizes&quot;:[]},&quot;padding_vertical_menu_item&quot;:{&quot;unit&quot;:&quot;px&quot;,&quot;size&quot;:15,&quot;sizes&quot;:[]},&quot;padding_vertical_menu_item_tablet&quot;:{&quot;unit&quot;:&quot;px&quot;,&quot;size&quot;:&quot;&quot;,&quot;sizes&quot;:[]},&quot;padding_vertical_menu_item_mobile&quot;:{&quot;unit&quot;:&quot;px&quot;,&quot;size&quot;:&quot;&quot;,&quot;sizes&quot;:[]},&quot;menu_space_between&quot;:{&quot;unit&quot;:&quot;px&quot;,&quot;size&quot;:&quot;&quot;,&quot;sizes&quot;:[]},&quot;menu_space_between_tablet&quot;:{&quot;unit&quot;:&quot;px&quot;,&quot;size&quot;:&quot;&quot;,&quot;sizes&quot;:[]},&quot;menu_space_between_mobile&quot;:{&quot;unit&quot;:&quot;px&quot;,&quot;size&quot;:&quot;&quot;,&quot;sizes&quot;:[]},&quot;menu_row_space&quot;:{&quot;unit&quot;:&quot;px&quot;,&quot;size&quot;:&quot;&quot;,&quot;sizes&quot;:[]},&quot;menu_row_space_tablet&quot;:{&quot;unit&quot;:&quot;px&quot;,&quot;size&quot;:&quot;&quot;,&quot;sizes&quot;:[]},&quot;menu_row_space_mobile&quot;:{&quot;unit&quot;:&quot;px&quot;,&quot;size&quot;:&quot;&quot;,&quot;sizes&quot;:[]},&quot;dropdown_border_radius&quot;:{&quot;unit&quot;:&quot;px&quot;,&quot;top&quot;:&quot;&quot;,&quot;right&quot;:&quot;&quot;,&quot;bottom&quot;:&quot;&quot;,&quot;left&quot;:&quot;&quot;,&quot;isLinked&quot;:true},&quot;dropdown_border_radius_tablet&quot;:{&quot;unit&quot;:&quot;px&quot;,&quot;top&quot;:&quot;&quot;,&quot;right&quot;:&quot;&quot;,&quot;bottom&quot;:&quot;&quot;,&quot;left&quot;:&quot;&quot;,&quot;isLinked&quot;:true},&quot;dropdown_border_radius_mobile&quot;:{&quot;unit&quot;:&quot;px&quot;,&quot;top&quot;:&quot;&quot;,&quot;right&quot;:&quot;&quot;,&quot;bottom&quot;:&quot;&quot;,&quot;left&quot;:&quot;&quot;,&quot;isLinked&quot;:true},&quot;width_dropdown_item&quot;:{&quot;unit&quot;:&quot;px&quot;,&quot;size&quot;:&quot;220&quot;,&quot;sizes&quot;:[]},&quot;width_dropdown_item_tablet&quot;:{&quot;unit&quot;:&quot;px&quot;,&quot;size&quot;:&quot;&quot;,&quot;sizes&quot;:[]},&quot;width_dropdown_item_mobile&quot;:{&quot;unit&quot;:&quot;px&quot;,&quot;size&quot;:&quot;&quot;,&quot;sizes&quot;:[]},&quot;padding_horizontal_dropdown_item&quot;:{&quot;unit&quot;:&quot;px&quot;,&quot;size&quot;:&quot;&quot;,&quot;sizes&quot;:[]},&quot;padding_horizontal_dropdown_item_tablet&quot;:{&quot;unit&quot;:&quot;px&quot;,&quot;size&quot;:&quot;&quot;,&quot;sizes&quot;:[]},&quot;padding_horizontal_dropdown_item_mobile&quot;:{&quot;unit&quot;:&quot;px&quot;,&quot;size&quot;:&quot;&quot;,&quot;sizes&quot;:[]},&quot;padding_vertical_dropdown_item&quot;:{&quot;unit&quot;:&quot;px&quot;,&quot;size&quot;:15,&quot;sizes&quot;:[]},&quot;padding_vertical_dropdown_item_tablet&quot;:{&quot;unit&quot;:&quot;px&quot;,&quot;size&quot;:&quot;&quot;,&quot;sizes&quot;:[]},&quot;padding_vertical_dropdown_item_mobile&quot;:{&quot;unit&quot;:&quot;px&quot;,&quot;size&quot;:&quot;&quot;,&quot;sizes&quot;:[]},&quot;distance_from_menu&quot;:{&quot;unit&quot;:&quot;px&quot;,&quot;size&quot;:&quot;&quot;,&quot;sizes&quot;:[]},&quot;distance_from_menu_tablet&quot;:{&quot;unit&quot;:&quot;px&quot;,&quot;size&quot;:&quot;&quot;,&quot;sizes&quot;:[]},&quot;distance_from_menu_mobile&quot;:{&quot;unit&quot;:&quot;px&quot;,&quot;size&quot;:&quot;&quot;,&quot;sizes&quot;:[]},&quot;toggle_size&quot;:{&quot;unit&quot;:&quot;px&quot;,&quot;size&quot;:&quot;&quot;,&quot;sizes&quot;:[]},&quot;toggle_size_tablet&quot;:{&quot;unit&quot;:&quot;px&quot;,&quot;size&quot;:&quot;&quot;,&quot;sizes&quot;:[]},&quot;toggle_size_mobile&quot;:{&quot;unit&quot;:&quot;px&quot;,&quot;size&quot;:&quot;&quot;,&quot;sizes&quot;:[]},&quot;toggle_border_width&quot;:{&quot;unit&quot;:&quot;px&quot;,&quot;size&quot;:&quot;&quot;,&quot;sizes&quot;:[]},&quot;toggle_border_width_tablet&quot;:{&quot;unit&quot;:&quot;px&quot;,&quot;size&quot;:&quot;&quot;,&quot;sizes&quot;:[]},&quot;toggle_border_width_mobile&quot;:{&quot;unit&quot;:&quot;px&quot;,&quot;size&quot;:&quot;&quot;,&quot;sizes&quot;:[]},&quot;toggle_border_radius&quot;:{&quot;unit&quot;:&quot;px&quot;,&quot;size&quot;:&quot;&quot;,&quot;sizes&quot;:[]},&quot;toggle_border_radius_tablet&quot;:{&quot;unit&quot;:&quot;px&quot;,&quot;size&quot;:&quot;&quot;,&quot;sizes&quot;:[]},&quot;toggle_border_radius_mobile&quot;:{&quot;unit&quot;:&quot;px&quot;,&quot;size&quot;:&quot;&quot;,&quot;sizes&quot;:[]}}\" data-widget_type=\"navigation-menu.default\">\n\t\t\t\t<div class=\"elementor-widget-container\">\n\t\t\t\t\t\t\t\t<div class=\"hfe-nav-menu hfe-layout-horizontal hfe-nav-menu-layout horizontal hfe-pointer__none\" data-layout=\"horizontal\">\n\t\t\t\t<div role=\"button\" class=\"hfe-nav-menu__toggle elementor-clickable\">\n\t\t\t\t\t<span class=\"screen-reader-text\">Men\u00fa<\/span>\n\t\t\t\t\t<div class=\"hfe-nav-menu-icon\">\n\t\t\t\t\t\t<svg aria-hidden=\"true\"  class=\"e-font-icon-svg e-fas-align-justify\" viewBox=\"0 0 448 512\" xmlns=\"http:\/\/www.w3.org\/2000\/svg\"><path d=\"M432 416H16a16 16 0 0 0-16 16v32a16 16 0 0 0 16 16h416a16 16 0 0 0 16-16v-32a16 16 0 0 0-16-16zm0-128H16a16 16 0 0 0-16 16v32a16 16 0 0 0 16 16h416a16 16 0 0 0 16-16v-32a16 16 0 0 0-16-16zm0-128H16a16 16 0 0 0-16 16v32a16 16 0 0 0 16 16h416a16 16 0 0 0 16-16v-32a16 16 0 0 0-16-16zm0-128H16A16 16 0 0 0 0 48v32a16 16 0 0 0 16 16h416a16 16 0 0 0 16-16V48a16 16 0 0 0-16-16z\"><\/path><\/svg>\t\t\t\t\t<\/div>\n\t\t\t\t<\/div>\n\t\t\t\t<nav class=\"hfe-nav-menu__layout-horizontal hfe-nav-menu__submenu-arrow\" data-toggle-icon=\"&lt;svg aria-hidden=&quot;true&quot; tabindex=&quot;0&quot; class=&quot;e-font-icon-svg e-fas-align-justify&quot; viewBox=&quot;0 0 448 512&quot; xmlns=&quot;http:\/\/www.w3.org\/2000\/svg&quot;&gt;&lt;path d=&quot;M432 416H16a16 16 0 0 0-16 16v32a16 16 0 0 0 16 16h416a16 16 0 0 0 16-16v-32a16 16 0 0 0-16-16zm0-128H16a16 16 0 0 0-16 16v32a16 16 0 0 0 16 16h416a16 16 0 0 0 16-16v-32a16 16 0 0 0-16-16zm0-128H16a16 16 0 0 0-16 16v32a16 16 0 0 0 16 16h416a16 16 0 0 0 16-16v-32a16 16 0 0 0-16-16zm0-128H16A16 16 0 0 0 0 48v32a16 16 0 0 0 16 16h416a16 16 0 0 0 16-16V48a16 16 0 0 0-16-16z&quot;&gt;&lt;\/path&gt;&lt;\/svg&gt;\" data-close-icon=\"&lt;svg aria-hidden=&quot;true&quot; tabindex=&quot;0&quot; class=&quot;e-font-icon-svg e-far-window-close&quot; viewBox=&quot;0 0 512 512&quot; xmlns=&quot;http:\/\/www.w3.org\/2000\/svg&quot;&gt;&lt;path d=&quot;M464 32H48C21.5 32 0 53.5 0 80v352c0 26.5 21.5 48 48 48h416c26.5 0 48-21.5 48-48V80c0-26.5-21.5-48-48-48zm0 394c0 3.3-2.7 6-6 6H54c-3.3 0-6-2.7-6-6V86c0-3.3 2.7-6 6-6h404c3.3 0 6 2.7 6 6v340zM356.5 194.6L295.1 256l61.4 61.4c4.6 4.6 4.6 12.1 0 16.8l-22.3 22.3c-4.6 4.6-12.1 4.6-16.8 0L256 295.1l-61.4 61.4c-4.6 4.6-12.1 4.6-16.8 0l-22.3-22.3c-4.6-4.6-4.6-12.1 0-16.8l61.4-61.4-61.4-61.4c-4.6-4.6-4.6-12.1 0-16.8l22.3-22.3c4.6-4.6 12.1-4.6 16.8 0l61.4 61.4 61.4-61.4c4.6-4.6 12.1-4.6 16.8 0l22.3 22.3c4.7 4.6 4.7 12.1 0 16.8z&quot;&gt;&lt;\/path&gt;&lt;\/svg&gt;\" data-full-width=\"yes\">\n\t\t\t\t\t<ul id=\"menu-1-ea1a27c\" class=\"hfe-nav-menu\"><li id=\"menu-item-41\" class=\"menu-item menu-item-type-custom menu-item-object-custom menu-item-has-children parent hfe-has-submenu hfe-creative-menu\"><div class=\"hfe-has-submenu-container\"><a href=\"#\" class = \"hfe-menu-item\">Servicios<span class='hfe-menu-toggle sub-arrow hfe-menu-child-0'><i class='fa'><\/i><\/span><\/a><\/div>\n<ul class=\"sub-menu\">\n\t<li id=\"menu-item-34\" class=\"menu-item menu-item-type-post_type menu-item-object-page hfe-creative-menu\"><a href=\"https:\/\/casaespiritualidadbilbao.bizkeliza.net\/index.php\/capilla\/\" class = \"hfe-sub-menu-item\">Capilla<\/a><\/li>\n\t<li id=\"menu-item-35\" class=\"menu-item menu-item-type-post_type menu-item-object-page hfe-creative-menu\"><a href=\"https:\/\/casaespiritualidadbilbao.bizkeliza.net\/index.php\/habitaciones\/\" class = \"hfe-sub-menu-item\">Habitaciones<\/a><\/li>\n<\/ul>\n<\/li>\n<li id=\"menu-item-40\" class=\"menu-item menu-item-type-post_type menu-item-object-page parent hfe-creative-menu\"><a href=\"https:\/\/casaespiritualidadbilbao.bizkeliza.net\/index.php\/localizacion\/\" class = \"hfe-menu-item\">Localizaci\u00f3n<\/a><\/li>\n<li id=\"menu-item-108\" class=\"menu-item menu-item-type-post_type menu-item-object-page parent hfe-creative-menu\"><a href=\"https:\/\/casaespiritualidadbilbao.bizkeliza.net\/index.php\/my-calendar\/\" class = \"hfe-menu-item\">Agenda<\/a><\/li>\n<li id=\"menu-item-109\" class=\"menu-item menu-item-type-post_type menu-item-object-page parent hfe-creative-menu\"><a href=\"https:\/\/casaespiritualidadbilbao.bizkeliza.net\/index.php\/entorno\/\" class = \"hfe-menu-item\">Entorno<\/a><\/li>\n<li id=\"menu-item-129\" class=\"menu-item menu-item-type-post_type menu-item-object-page parent hfe-creative-menu\"><a href=\"https:\/\/casaespiritualidadbilbao.bizkeliza.net\/index.php\/contacto\/\" class = \"hfe-menu-item\">Contacto y Reservas<\/a><\/li>\n<\/ul> \n\t\t\t\t<\/nav>\n\t\t\t<\/div>\n\t\t\t\t\t\t\t<\/div>\n\t\t\t\t<\/div>\n\t\t\t\t\t<\/div>\n\t\t\t\t<\/div>\n\t\t<div class=\"elementor-element elementor-element-ffabc67 e-flex e-con-boxed e-con e-parent\" data-id=\"ffabc67\" data-element_type=\"container\">\n\t\t\t\t\t<div class=\"e-con-inner\">\n\t\t\t\t<div class=\"elementor-element elementor-element-c03cc6d elementor-widget elementor-widget-spacer\" data-id=\"c03cc6d\" data-element_type=\"widget\" data-widget_type=\"spacer.default\">\n\t\t\t\t<div class=\"elementor-widget-container\">\n\t\t\t\t\t\t\t<div class=\"elementor-spacer\">\n\t\t\t<div class=\"elementor-spacer-inner\"><\/div>\n\t\t<\/div>\n\t\t\t\t\t\t<\/div>\n\t\t\t\t<\/div>\n\t\t\t\t<div class=\"elementor-element elementor-element-e9cc0d5 elementor-widget elementor-widget-heading\" data-id=\"e9cc0d5\" data-element_type=\"widget\" data-widget_type=\"heading.default\">\n\t\t\t\t<div class=\"elementor-widget-container\">\n\t\t\t\t\t<h1 class=\"elementor-heading-title elementor-size-default\">Alojamiento religioso en Bilbao<\/h1>\t\t\t\t<\/div>\n\t\t\t\t<\/div>\n\t\t\t\t\t<\/div>\n\t\t\t\t<\/div>\n\t\t<div class=\"elementor-element elementor-element-aeeb893 e-grid e-con-boxed e-con e-parent\" data-id=\"aeeb893\" data-element_type=\"container\">\n\t\t\t\t\t<div class=\"e-con-inner\">\n\t\t\t\t<div class=\"elementor-element elementor-element-4e6ea46 elementor-widget elementor-widget-text-editor\" data-id=\"4e6ea46\" data-element_type=\"widget\" data-widget_type=\"text-editor.default\">\n\t\t\t\t<div class=\"elementor-widget-container\">\n\t\t\t\t\t\t\t\t\t<h4>Situada junto a la Bas\u00edlica de Bego\u00f1a, a 5 minutos del metro y 10 minutos andando del casco antiguo de Bilbao. Buena comunicaci\u00f3n en autob\u00fas urbano.<\/h4><h4>Abierto a grupos de parroquias, centros educativos, grupos, religiosos\/as, Movimientos cristianos,\u2026 para ejercicios o encuentros.<\/h4><h4>Equipada con dos capillas, oratorio, sal\u00f3n para 100 personas, salas de reuniones, comedor para 120 personas.<\/h4><h4>Lugar ideal para un alojamiento de turismo religioso.<\/h4>\t\t\t\t\t\t\t\t<\/div>\n\t\t\t\t<\/div>\n\t\t\t\t<div class=\"elementor-element elementor-element-2dd7358 elementor-arrows-position-inside elementor-pagination-position-outside elementor-widget elementor-widget-image-carousel\" data-id=\"2dd7358\" data-element_type=\"widget\" data-settings=\"{&quot;slides_to_show&quot;:&quot;1&quot;,&quot;autoplay_speed&quot;:3000,&quot;effect&quot;:&quot;fade&quot;,&quot;navigation&quot;:&quot;both&quot;,&quot;autoplay&quot;:&quot;yes&quot;,&quot;pause_on_hover&quot;:&quot;yes&quot;,&quot;pause_on_interaction&quot;:&quot;yes&quot;,&quot;infinite&quot;:&quot;yes&quot;,&quot;speed&quot;:500}\" data-widget_type=\"image-carousel.default\">\n\t\t\t\t<div class=\"elementor-widget-container\">\n\t\t\t\t\t\t\t<div class=\"elementor-image-carousel-wrapper swiper\" role=\"region\" aria-roledescription=\"carousel\" aria-label=\"Carrusel de im\u00e1genes\" dir=\"ltr\">\n\t\t\t<div class=\"elementor-image-carousel swiper-wrapper\" aria-live=\"off\">\n\t\t\t\t\t\t\t\t<div class=\"swiper-slide\" role=\"group\" aria-roledescription=\"slide\" aria-label=\"1 de 6\"><figure class=\"swiper-slide-inner\"><img decoding=\"async\" class=\"swiper-slide-image\" src=\"https:\/\/casaespiritualidadbilbao.bizkeliza.net\/wp-content\/uploads\/2019\/03\/home2-1.jpg\" alt=\"home2\" \/><\/figure><\/div><div class=\"swiper-slide\" role=\"group\" aria-roledescription=\"slide\" aria-label=\"2 de 6\"><figure class=\"swiper-slide-inner\"><img decoding=\"async\" class=\"swiper-slide-image\" src=\"https:\/\/casaespiritualidadbilbao.bizkeliza.net\/wp-content\/uploads\/2019\/03\/casa.jpg\" alt=\"casa\" \/><\/figure><\/div><div class=\"swiper-slide\" role=\"group\" aria-roledescription=\"slide\" aria-label=\"3 de 6\"><figure class=\"swiper-slide-inner\"><img decoding=\"async\" class=\"swiper-slide-image\" src=\"https:\/\/casaespiritualidadbilbao.bizkeliza.net\/wp-content\/uploads\/2019\/03\/47.-Casa-espiritualidad-Bego\u00f1a-2017.jpg\" alt=\"47.-Casa espiritualidad Bego\u00f1a 2017\" \/><\/figure><\/div><div class=\"swiper-slide\" role=\"group\" aria-roledescription=\"slide\" aria-label=\"4 de 6\"><figure class=\"swiper-slide-inner\"><img decoding=\"async\" class=\"swiper-slide-image\" src=\"https:\/\/casaespiritualidadbilbao.bizkeliza.net\/wp-content\/uploads\/2019\/03\/43.-Casa-espiritualidad-Bego\u00f1a-2017.jpg\" alt=\"43.-Casa espiritualidad Bego\u00f1a 2017\" \/><\/figure><\/div><div class=\"swiper-slide\" role=\"group\" aria-roledescription=\"slide\" aria-label=\"5 de 6\"><figure class=\"swiper-slide-inner\"><img decoding=\"async\" class=\"swiper-slide-image\" src=\"https:\/\/casaespiritualidadbilbao.bizkeliza.net\/wp-content\/uploads\/2019\/03\/42.-Casa-espiritualidad-Bego\u00f1a-2017.jpg\" alt=\"42.-Casa espiritualidad Bego\u00f1a 2017\" \/><\/figure><\/div><div class=\"swiper-slide\" role=\"group\" aria-roledescription=\"slide\" aria-label=\"6 de 6\"><figure class=\"swiper-slide-inner\"><img decoding=\"async\" class=\"swiper-slide-image\" src=\"https:\/\/casaespiritualidadbilbao.bizkeliza.net\/wp-content\/uploads\/2019\/03\/40.-Casa-espiritualidad-Bego\u00f1a-2017.jpg\" alt=\"40.-Casa espiritualidad Bego\u00f1a 2017\" \/><\/figure><\/div>\t\t\t<\/div>\n\t\t\t\t\t\t\t\t\t\t\t\t<div class=\"elementor-swiper-button elementor-swiper-button-prev\" role=\"button\" tabindex=\"0\">\n\t\t\t\t\t\t<svg aria-hidden=\"true\" class=\"e-font-icon-svg e-eicon-chevron-left\" viewBox=\"0 0 1000 1000\" xmlns=\"http:\/\/www.w3.org\/2000\/svg\"><path d=\"M646 125C629 125 613 133 604 142L308 442C296 454 292 471 292 487 292 504 296 521 308 533L604 854C617 867 629 875 646 875 663 875 679 871 692 858 704 846 713 829 713 812 713 796 708 779 692 767L438 487 692 225C700 217 708 204 708 187 708 171 704 154 692 142 675 129 663 125 646 125Z\"><\/path><\/svg>\t\t\t\t\t<\/div>\n\t\t\t\t\t<div class=\"elementor-swiper-button elementor-swiper-button-next\" role=\"button\" tabindex=\"0\">\n\t\t\t\t\t\t<svg aria-hidden=\"true\" class=\"e-font-icon-svg e-eicon-chevron-right\" viewBox=\"0 0 1000 1000\" xmlns=\"http:\/\/www.w3.org\/2000\/svg\"><path d=\"M696 533C708 521 713 504 713 487 713 471 708 454 696 446L400 146C388 133 375 125 354 125 338 125 325 129 313 142 300 154 292 171 292 187 292 204 296 221 308 233L563 492 304 771C292 783 288 800 288 817 288 833 296 850 308 863 321 871 338 875 354 875 371 875 388 867 400 854L696 533Z\"><\/path><\/svg>\t\t\t\t\t<\/div>\n\t\t\t\t\n\t\t\t\t\t\t\t\t\t<div class=\"swiper-pagination\"><\/div>\n\t\t\t\t\t\t\t\t\t<\/div>\n\t\t\t\t\t\t<\/div>\n\t\t\t\t<\/div>\n\t\t\t\t\t<\/div>\n\t\t\t\t<\/div>\n\t\t<div class=\"elementor-element elementor-element-58aa0c6 e-flex e-con-boxed e-con e-parent\" data-id=\"58aa0c6\" data-element_type=\"container\">\n\t\t\t\t\t<div class=\"e-con-inner\">\n\t\t\t\t<div class=\"elementor-element elementor-element-c1cf4d6 elementor-widget elementor-widget-spacer\" data-id=\"c1cf4d6\" data-element_type=\"widget\" data-widget_type=\"spacer.default\">\n\t\t\t\t<div class=\"elementor-widget-container\">\n\t\t\t\t\t\t\t<div class=\"elementor-spacer\">\n\t\t\t<div class=\"elementor-spacer-inner\"><\/div>\n\t\t<\/div>\n\t\t\t\t\t\t<\/div>\n\t\t\t\t<\/div>\n\t\t\t\t\t<\/div>\n\t\t\t\t<\/div>\n\t\t<div class=\"elementor-element elementor-element-3998d2c e-grid e-con-boxed e-con e-parent\" data-id=\"3998d2c\" data-element_type=\"container\" data-settings=\"{&quot;background_background&quot;:&quot;classic&quot;}\">\n\t\t\t\t\t<div class=\"e-con-inner\">\n\t\t\t\t<div class=\"elementor-element elementor-element-9d479e5 elementor-widget elementor-widget-text-editor\" data-id=\"9d479e5\" data-element_type=\"widget\" data-widget_type=\"text-editor.default\">\n\t\t\t\t<div class=\"elementor-widget-container\">\n\t\t\t\t\t\t\t\t\t<p><span style=\"color: #ffffff;\"><strong>Virgen de Bego\u00f1a, 36 48006 &#8211; BILBAO<\/strong><\/span><\/p>\t\t\t\t\t\t\t\t<\/div>\n\t\t\t\t<\/div>\n\t\t\t\t<div class=\"elementor-element elementor-element-ea883d8 elementor-widget elementor-widget-text-editor\" data-id=\"ea883d8\" data-element_type=\"widget\" data-widget_type=\"text-editor.default\">\n\t\t\t\t<div class=\"elementor-widget-container\">\n\t\t\t\t\t\t\t\t\t<p><span style=\"color: #ffffff;\"><strong>E-mail:\u00a0<a style=\"color: #ffffff;\" href=\"mailto:gogartetxea@bizkeliza.org\">gogartetxea@bizkeliza.org<\/a><\/strong>.<\/span><\/p>\t\t\t\t\t\t\t\t<\/div>\n\t\t\t\t<\/div>\n\t\t\t\t<div class=\"elementor-element elementor-element-6c1aa4f elementor-widget elementor-widget-text-editor\" data-id=\"6c1aa4f\" data-element_type=\"widget\" data-widget_type=\"text-editor.default\">\n\t\t\t\t<div class=\"elementor-widget-container\">\n\t\t\t\t\t\t\t\t\t<p style=\"text-align: center;\"><span style=\"color: #ffffff;\"><strong>Tel\u00e9fono: 944 125 943<\/strong><\/span><\/p>\t\t\t\t\t\t\t\t<\/div>\n\t\t\t\t<\/div>\n\t\t\t\t\t<\/div>\n\t\t\t\t<\/div>\n\t\t\t\t<\/div>\n\t\t","protected":false},"excerpt":{"rendered":"<p>Men\u00fa Servicios Capilla Habitaciones Localizaci\u00f3n Agenda Entorno Contacto y Reservas Alojamiento religioso en Bilbao Situada junto a la Bas\u00edlica de Bego\u00f1a, a 5 minutos del metro y 10 minutos andando del casco antiguo de Bilbao. Buena comunicaci\u00f3n en autob\u00fas urbano. Abierto a grupos de parroquias, centros educativos, grupos, religiosos\/as, Movimientos cristianos,\u2026 para ejercicios o encuentros. [&hellip;]<\/p>\n","protected":false},"author":1,"featured_media":0,"parent":0,"menu_order":0,"comment_status":"closed","ping_status":"closed","template":"elementor_canvas","meta":{"_mc_calendar":[],"footnotes":""},"class_list":["post-230","page","type-page","status-publish","hentry"],"_links":{"self":[{"href":"https:\/\/casaespiritualidadbilbao.bizkeliza.net\/index.php\/wp-json\/wp\/v2\/pages\/230","targetHints":{"allow":["GET"]}}],"collection":[{"href":"https:\/\/casaespiritualidadbilbao.bizkeliza.net\/index.php\/wp-json\/wp\/v2\/pages"}],"about":[{"href":"https:\/\/casaespiritualidadbilbao.bizkeliza.net\/index.php\/wp-json\/wp\/v2\/types\/page"}],"author":[{"embeddable":true,"href":"https:\/\/casaespiritualidadbilbao.bizkeliza.net\/index.php\/wp-json\/wp\/v2\/users\/1"}],"replies":[{"embeddable":true,"href":"https:\/\/casaespiritualidadbilbao.bizkeliza.net\/index.php\/wp-json\/wp\/v2\/comments?post=230"}],"version-history":[{"count":21,"href":"https:\/\/casaespiritualidadbilbao.bizkeliza.net\/index.php\/wp-json\/wp\/v2\/pages\/230\/revisions"}],"predecessor-version":[{"id":309,"href":"https:\/\/casaespiritualidadbilbao.bizkeliza.net\/index.php\/wp-json\/wp\/v2\/pages\/230\/revisions\/309"}],"wp:attachment":[{"href":"https:\/\/casaespiritualidadbilbao.bizkeliza.net\/index.php\/wp-json\/wp\/v2\/media?parent=230"}],"curies":[{"name":"wp","href":"https:\/\/api.w.org\/{rel}","templated":true}]}}